{"id":1639,"date":"2022-10-20T12:59:34","date_gmt":"2022-10-20T09:59:34","guid":{"rendered":"https:\/\/www.painotekniikka.com\/taitonews\/?page_id=1639"},"modified":"2022-11-29T08:56:17","modified_gmt":"2022-11-29T06:56:17","slug":"tietosuojaseloste","status":"publish","type":"page","link":"https:\/\/www.painotekniikka.com\/taitonews\/tietosuojaseloste\/","title":{"rendered":"Tietosuojaseloste"},"content":{"rendered":"<p>1. Rekisterinpit\u00e4j\u00e4<\/p>\n<p>Turun ammatti-instituutti<\/p>\n<p>2. a) Rekisterin vastuuhenkil\u00f6t<\/p>\n<p>Anne Aksentjev p. 044 907 3005<\/p>\n<p>2. b) Yhteyshenkil\u00f6rekisteriin liittyviss\u00e4 asioissa<\/p>\n<p>Anne Aksentjev p. 044 907 3005<\/p>\n<p>2: c) Tietosuojavastaavan yhteystiedot<\/p>\n<p>Mikko Suomalainen p. 050 355 3650<br \/>\nmikko.o.suomalainen@edu.turku.fi<\/p>\n<p>3. Rekisterin nimi<\/p>\n<p>TAITOnews<\/p>\n<p>4. Henkil\u00f6tietojen k\u00e4sittelyn tarkoitus<\/p>\n<p>Verkkolehdest\u00e4 voi tilata muistutuksen s\u00e4hk\u00f6postiin, milloin uutta materiaalia on ilmestynyt luettavaksi lehteen. Lis\u00e4ksi lehte\u00e4 koskien voi l\u00e4hett\u00e4\u00e4 palautetta tai juttuvinkin. Tietoja ei k\u00e4ytet\u00e4 muihin tarkoituksiin. Sivulla voi my\u00f6s l\u00e4hett\u00e4\u00e4 juttuvinkin. Juttuvinkkej\u00e4 ei tallenneta ja k\u00e4ytet\u00e4 viestinn\u00e4ss\u00e4 tai henkil\u00f6rekisterin\u00e4.<\/p>\n<p>5. Henkil\u00f6tietojen k\u00e4sittelyn oikeusperuste<\/p>\n<p>Tarkoituksenamme on tarjota parempi lukunautinto l\u00e4hett\u00e4m\u00e4ll\u00e4 muistutuksen lehden lukijoille uusista artikkeleista tai tarjoamalla mahdollisuuden ehdottaa juttuvinkki\u00e4. Muistutuksen pystyy peruuttamaan.<\/p>\n<p>6. K\u00e4sitelt\u00e4v\u00e4t henkil\u00f6tietoryhm\u00e4t, toiminnallinen kuvaus ja henkil\u00f6tietojen s\u00e4ilytysajat<\/p>\n<p>Muistutuksen pystyy tilaamaan sivuilta. Muistutuksessa pyydet\u00e4\u00e4n vain s\u00e4hk\u00f6postiosoitetta, jonne muistutukset tilataan. S\u00e4hk\u00f6posti poistetaan, kun lukija niin toivoo tai viimeist\u00e4\u00e4n kun siirryt\u00e4\u00e4n uuteen julkaisumuotoon.<\/p>\n<p>S\u00e4hk\u00f6postit ovat mailchimp.com suojatussa uutiskirjej\u00e4rjestelm\u00e4ss\u00e4.<\/p>\n<p>7. K\u00e4ytett\u00e4v\u00e4t tietoj\u00e4rjestelm\u00e4t<\/p>\n<p>Mailchimp.com uutiskirjeohjelma.<\/p>\n<p>8. S\u00e4\u00e4nn\u00f6nmukaiset tietol\u00e4hteet<br \/>\nRekisteriin talletettavat tiedot saadaan henkil\u00f6lt\u00e4 itselt\u00e4\u00e4n kohdassa 6 kuvatuilla tavoilla.<\/p>\n<p>9. S\u00e4\u00e4nn\u00f6nmukaiset tietojen luovutukset<\/p>\n<p>Henkil\u00f6tietoja ei siirret\u00e4 tai luovuteta ulkopuolisille.<\/p>\n<p>10. Tietojen siirto EU:n tai Euroopan talousalueen ulkopuolelle<br \/>\nHenkil\u00f6tietoja ei siirret\u00e4 tai luovuteta kolmansille osapuolille, EU:n tai ETA-alueen ulkopuolelle.<\/p>\n<p>11. Rekisterin suojauksen periaatteet<\/p>\n<p>Turun ammatti-instituutilla on oikeus oman uutiskirjepalvelun k\u00e4ytt\u00f6\u00f6n ja se on suojannut sen k\u00e4ytt\u00e4j\u00e4tunnuksella ja salasanalla. K\u00e4ytt\u00e4j\u00e4tunnus ja salasana ovat kyseisen yrityksen F-Sefure Safe suojatulla ty\u00f6pisteell\u00e4. <\/p>\n<p>12. Rekister\u00f6idyn oikeudet ja velvollisuudet<\/p>\n<p>Muistutuksen tilanneen on oikeus poistua muistutuslistalta joko muistutuksen mukana tulleesta linkist\u00e4 tai ottamalla Turun ammatti-instituuttiin yhteytt\u00e4. Muistutuslistalta poistamiseen ei vaadita kirjallista tarkistuspyynt\u00f6\u00e4.<\/p>\n<p>13. Sivuston k\u00e4yt\u00f6n tilastointi<\/p>\n<p>TAITOnews -verkkosivuston k\u00e4ytt\u00f6\u00e4 tilastoidaan anonyymisti Google Analytics -palvelun kautta. K\u00e4ytt\u00e4jien henkil\u00f6tietoja ei yhdistet\u00e4 liikenn\u00f6intitilastoihin. Google Analytics -palvelun tiedot ovat k\u00e4ytett\u00e4viss\u00e4 TAITOnews -lehden ilmestymisen ajan ja vuosi ilmestymisen p\u00e4\u00e4ttymisen j\u00e4lkeen. N\u00e4in pyrimme kehitt\u00e4m\u00e4\u00e4n sivuston julkaisuja.<\/p>\n<p>T\u00e4ll\u00e4 sivustolla k\u00e4ytet\u00e4\u00e4n ev\u00e4steit\u00e4 (eng. cookies). Ev\u00e4steet ovat internetpalvelun k\u00e4ytt\u00f6\u00e4 kuvaavia tietoja, jotka tallentuvat esimerkiksi k\u00e4ytt\u00e4j\u00e4n tietokoneeseen, ja joita voidaan k\u00e4ytt\u00e4\u00e4 internet-selaimen ja -palvelimen v\u00e4lisen yhteydenpidon ohjaamiseen. K\u00e4ytt\u00e4j\u00e4 voi halutessaan est\u00e4\u00e4 ev\u00e4steiden k\u00e4yt\u00f6n selaimensa asetuksia muuttamalla.<\/p>\n","protected":false},"excerpt":{"rendered":"<p>1. Rekisterinpit\u00e4j\u00e4 Turun ammatti-instituutti 2. a) Rekisterin vastuuhenkil\u00f6t Anne Aksentjev p. 044 907 3005 2. b) Yhteyshenkil\u00f6rekisteriin liittyviss\u00e4 asioissa Anne Aksentjev p. 044 907 3005 2: c) Tietosuojavastaavan yhteystiedot Mikko Suomalainen p. 050 355 3650 mikko.o.suomalainen@edu.turku.fi 3. Rekisterin nimi TAITOnews 4. Henkil\u00f6tietojen k\u00e4sittelyn tarkoitus Verkkolehdest\u00e4 voi tilata muistutuksen s\u00e4hk\u00f6postiin, milloin uutta materiaalia on ilmestynyt luettavaksi [&hellip;]<\/p>\n","protected":false},"author":1,"featured_media":0,"parent":0,"menu_order":0,"comment_status":"closed","ping_status":"closed","template":"","meta":{"_monsterinsights_skip_tracking":false,"_monsterinsights_sitenote_active":false,"_monsterinsights_sitenote_note":"","_monsterinsights_sitenote_category":0,"footnotes":""},"class_list":["post-1639","page","type-page","status-publish","hentry"],"yoast_head":"<!-- This site is optimized with the Yoast SEO plugin v27.5 - https:\/\/yoast.com\/product\/yoast-seo-wordpress\/ -->\n<title>Tietosuojaseloste - TAITONEWS<\/title>\n<meta name=\"robots\" content=\"index, follow, max-snippet:-1, max-image-preview:large, max-video-preview:-1\" \/>\n<link rel=\"canonical\" href=\"https:\/\/www.painotekniikka.com\/taitonews\/tietosuojaseloste\/\" \/>\n<meta property=\"og:locale\" content=\"fi_FI\" \/>\n<meta property=\"og:type\" content=\"article\" \/>\n<meta property=\"og:title\" content=\"Tietosuojaseloste - TAITONEWS\" \/>\n<meta property=\"og:description\" content=\"1. Rekisterinpit\u00e4j\u00e4 Turun ammatti-instituutti 2. a) Rekisterin vastuuhenkil\u00f6t Anne Aksentjev p. 044 907 3005 2. b) Yhteyshenkil\u00f6rekisteriin liittyviss\u00e4 asioissa Anne Aksentjev p. 044 907 3005 2: c) Tietosuojavastaavan yhteystiedot Mikko Suomalainen p. 050 355 3650 mikko.o.suomalainen@edu.turku.fi 3. Rekisterin nimi TAITOnews 4. Henkil\u00f6tietojen k\u00e4sittelyn tarkoitus Verkkolehdest\u00e4 voi tilata muistutuksen s\u00e4hk\u00f6postiin, milloin uutta materiaalia on ilmestynyt luettavaksi [&hellip;]\" \/>\n<meta property=\"og:url\" content=\"https:\/\/www.painotekniikka.com\/taitonews\/tietosuojaseloste\/\" \/>\n<meta property=\"og:site_name\" content=\"TAITONEWS\" \/>\n<meta property=\"article:modified_time\" content=\"2022-11-29T06:56:17+00:00\" \/>\n<meta name=\"twitter:card\" content=\"summary_large_image\" \/>\n<meta name=\"twitter:label1\" content=\"Arvioitu lukuaika\" \/>\n\t<meta name=\"twitter:data1\" content=\"2 minuuttia\" \/>\n<script type=\"application\/ld+json\" class=\"yoast-schema-graph\">{\"@context\":\"https:\\\/\\\/schema.org\",\"@graph\":[{\"@type\":\"WebPage\",\"@id\":\"https:\\\/\\\/www.painotekniikka.com\\\/taitonews\\\/tietosuojaseloste\\\/\",\"url\":\"https:\\\/\\\/www.painotekniikka.com\\\/taitonews\\\/tietosuojaseloste\\\/\",\"name\":\"Tietosuojaseloste - TAITONEWS\",\"isPartOf\":{\"@id\":\"https:\\\/\\\/www.painotekniikka.com\\\/taitonews\\\/#website\"},\"datePublished\":\"2022-10-20T09:59:34+00:00\",\"dateModified\":\"2022-11-29T06:56:17+00:00\",\"breadcrumb\":{\"@id\":\"https:\\\/\\\/www.painotekniikka.com\\\/taitonews\\\/tietosuojaseloste\\\/#breadcrumb\"},\"inLanguage\":\"fi\",\"potentialAction\":[{\"@type\":\"ReadAction\",\"target\":[\"https:\\\/\\\/www.painotekniikka.com\\\/taitonews\\\/tietosuojaseloste\\\/\"]}]},{\"@type\":\"BreadcrumbList\",\"@id\":\"https:\\\/\\\/www.painotekniikka.com\\\/taitonews\\\/tietosuojaseloste\\\/#breadcrumb\",\"itemListElement\":[{\"@type\":\"ListItem\",\"position\":1,\"name\":\"Etusivu\",\"item\":\"https:\\\/\\\/www.painotekniikka.com\\\/taitonews\\\/\"},{\"@type\":\"ListItem\",\"position\":2,\"name\":\"Tietosuojaseloste\"}]},{\"@type\":\"WebSite\",\"@id\":\"https:\\\/\\\/www.painotekniikka.com\\\/taitonews\\\/#website\",\"url\":\"https:\\\/\\\/www.painotekniikka.com\\\/taitonews\\\/\",\"name\":\"TAITONEWS\",\"description\":\"Ammatillisen koulutuksen arkea TAIn koulutaloissa ja yhteisyrityksiss&auml;.\",\"potentialAction\":[{\"@type\":\"SearchAction\",\"target\":{\"@type\":\"EntryPoint\",\"urlTemplate\":\"https:\\\/\\\/www.painotekniikka.com\\\/taitonews\\\/?s={search_term_string}\"},\"query-input\":{\"@type\":\"PropertyValueSpecification\",\"valueRequired\":true,\"valueName\":\"search_term_string\"}}],\"inLanguage\":\"fi\"}]}<\/script>\n<!-- \/ Yoast SEO plugin. -->","yoast_head_json":{"title":"Tietosuojaseloste - TAITONEWS","robots":{"index":"index","follow":"follow","max-snippet":"max-snippet:-1","max-image-preview":"max-image-preview:large","max-video-preview":"max-video-preview:-1"},"canonical":"https:\/\/www.painotekniikka.com\/taitonews\/tietosuojaseloste\/","og_locale":"fi_FI","og_type":"article","og_title":"Tietosuojaseloste - TAITONEWS","og_description":"1. Rekisterinpit\u00e4j\u00e4 Turun ammatti-instituutti 2. a) Rekisterin vastuuhenkil\u00f6t Anne Aksentjev p. 044 907 3005 2. b) Yhteyshenkil\u00f6rekisteriin liittyviss\u00e4 asioissa Anne Aksentjev p. 044 907 3005 2: c) Tietosuojavastaavan yhteystiedot Mikko Suomalainen p. 050 355 3650 mikko.o.suomalainen@edu.turku.fi 3. Rekisterin nimi TAITOnews 4. Henkil\u00f6tietojen k\u00e4sittelyn tarkoitus Verkkolehdest\u00e4 voi tilata muistutuksen s\u00e4hk\u00f6postiin, milloin uutta materiaalia on ilmestynyt luettavaksi [&hellip;]","og_url":"https:\/\/www.painotekniikka.com\/taitonews\/tietosuojaseloste\/","og_site_name":"TAITONEWS","article_modified_time":"2022-11-29T06:56:17+00:00","twitter_card":"summary_large_image","twitter_misc":{"Arvioitu lukuaika":"2 minuuttia"},"schema":{"@context":"https:\/\/schema.org","@graph":[{"@type":"WebPage","@id":"https:\/\/www.painotekniikka.com\/taitonews\/tietosuojaseloste\/","url":"https:\/\/www.painotekniikka.com\/taitonews\/tietosuojaseloste\/","name":"Tietosuojaseloste - TAITONEWS","isPartOf":{"@id":"https:\/\/www.painotekniikka.com\/taitonews\/#website"},"datePublished":"2022-10-20T09:59:34+00:00","dateModified":"2022-11-29T06:56:17+00:00","breadcrumb":{"@id":"https:\/\/www.painotekniikka.com\/taitonews\/tietosuojaseloste\/#breadcrumb"},"inLanguage":"fi","potentialAction":[{"@type":"ReadAction","target":["https:\/\/www.painotekniikka.com\/taitonews\/tietosuojaseloste\/"]}]},{"@type":"BreadcrumbList","@id":"https:\/\/www.painotekniikka.com\/taitonews\/tietosuojaseloste\/#breadcrumb","itemListElement":[{"@type":"ListItem","position":1,"name":"Etusivu","item":"https:\/\/www.painotekniikka.com\/taitonews\/"},{"@type":"ListItem","position":2,"name":"Tietosuojaseloste"}]},{"@type":"WebSite","@id":"https:\/\/www.painotekniikka.com\/taitonews\/#website","url":"https:\/\/www.painotekniikka.com\/taitonews\/","name":"TAITONEWS","description":"Ammatillisen koulutuksen arkea TAIn koulutaloissa ja yhteisyrityksiss&auml;.","potentialAction":[{"@type":"SearchAction","target":{"@type":"EntryPoint","urlTemplate":"https:\/\/www.painotekniikka.com\/taitonews\/?s={search_term_string}"},"query-input":{"@type":"PropertyValueSpecification","valueRequired":true,"valueName":"search_term_string"}}],"inLanguage":"fi"}]}},"_links":{"self":[{"href":"https:\/\/www.painotekniikka.com\/taitonews\/wp-json\/wp\/v2\/pages\/1639","targetHints":{"allow":["GET"]}}],"collection":[{"href":"https:\/\/www.painotekniikka.com\/taitonews\/wp-json\/wp\/v2\/pages"}],"about":[{"href":"https:\/\/www.painotekniikka.com\/taitonews\/wp-json\/wp\/v2\/types\/page"}],"author":[{"embeddable":true,"href":"https:\/\/www.painotekniikka.com\/taitonews\/wp-json\/wp\/v2\/users\/1"}],"replies":[{"embeddable":true,"href":"https:\/\/www.painotekniikka.com\/taitonews\/wp-json\/wp\/v2\/comments?post=1639"}],"version-history":[{"count":6,"href":"https:\/\/www.painotekniikka.com\/taitonews\/wp-json\/wp\/v2\/pages\/1639\/revisions"}],"predecessor-version":[{"id":1652,"href":"https:\/\/www.painotekniikka.com\/taitonews\/wp-json\/wp\/v2\/pages\/1639\/revisions\/1652"}],"wp:attachment":[{"href":"https:\/\/www.painotekniikka.com\/taitonews\/wp-json\/wp\/v2\/media?parent=1639"}],"curies":[{"name":"wp","href":"https:\/\/api.w.org\/{rel}","templated":true}]}}